{"id":230,"date":"2025-02-07T11:28:45","date_gmt":"2025-02-07T11:28:45","guid":{"rendered":"https:\/\/jstservice.fi\/wordpress\/?page_id=230"},"modified":"2025-02-27T07:30:25","modified_gmt":"2025-02-27T07:30:25","slug":"etusivu","status":"publish","type":"page","link":"https:\/\/jstservice.fi\/wordpress\/","title":{"rendered":"Etusivu"},"content":{"rendered":"\n<div class=\"wp-block-group alignfull has-global-padding is-layout-constrained wp-container-core-group-is-layout-0c9c989a wp-block-group-is-layout-constrained\" style=\"min-height:0vh;margin-top:0;margin-bottom:0;padding-top:var(--wp--preset--spacing--70);padding-right:var(--wp--preset--spacing--40);padding-bottom:var(--wp--preset--spacing--70);padding-left:var(--wp--preset--spacing--40)\">\n<div class=\"wp-block-group has-global-padding is-layout-constrained wp-container-core-group-is-layout-346627ba wp-block-group-is-layout-constrained\">\n<h2 class=\"wp-block-heading has-text-align-center has-xx-large-font-size\" style=\"margin-right:0;margin-left:0;padding-right:0;padding-left:0\">JST Service Oy<\/h2>\n\n\n\n<p class=\"has-text-align-center\"><strong>JST Service Oy<\/strong>\u00a0tarjoaa laadukkaita korjaamolaitepalveluita koko Suomen alueella, p\u00e4\u00e4toimialueenamme on Etel\u00e4-Suomi. Asiakaskantamme koostuu mm. kaikenkokoiset korjaamot, katsastusasemat, rengasliikkeet, ammatilliset koulut ja koulutuskeskukset, kuntien ja kaupunkien huoltoyksik\u00f6t sek\u00e4 yksityishenkil\u00f6t.<\/p>\n\n\n\n<div class=\"wp-block-buttons is-content-justification-center is-layout-flex wp-container-core-buttons-is-layout-a89b3969 wp-block-buttons-is-layout-flex\">\n<div class=\"wp-block-button\"><a class=\"wp-block-button__link wp-element-button\" href=\"\/wordpress\/index.php\/contact\/\">Ota yhteytt\u00e4<\/a><\/div>\n<\/div>\n<\/div>\n<\/div>\n\n\n\n<div class=\"wp-block-group alignfull is-style-section-1 has-global-padding is-layout-constrained wp-block-group-is-layout-constrained is-style-section-1--1\" style=\"margin-top:0;margin-bottom:0;padding-top:var(--wp--preset--spacing--80);padding-bottom:var(--wp--preset--spacing--80)\">\n<div class=\"wp-block-columns alignwide is-layout-flex wp-container-core-columns-is-layout-66fad18a wp-block-columns-is-layout-flex\">\n<div class=\"wp-block-column is-layout-flow wp-block-column-is-layout-flow\" style=\"padding-right:var(--wp--preset--spacing--50);flex-basis:45%\">\n<figure class=\"wp-block-image size-full\"><img fetchpriority=\"high\" decoding=\"async\" width=\"533\" height=\"400\" src=\"https:\/\/jstservice.fi\/wordpress\/wp-content\/uploads\/2025\/02\/galleriaan11-edited-1.jpg\" alt=\"\" class=\"wp-image-194\" srcset=\"https:\/\/jstservice.fi\/wordpress\/wp-content\/uploads\/2025\/02\/galleriaan11-edited-1.jpg 533w, https:\/\/jstservice.fi\/wordpress\/wp-content\/uploads\/2025\/02\/galleriaan11-edited-1-300x225.jpg 300w\" sizes=\"(max-width: 533px) 100vw, 533px\" \/><\/figure>\n\n\n\n<div class=\"wp-block-group has-global-padding is-layout-constrained wp-block-group-is-layout-constrained\" style=\"margin-top:-12vw\">\n<figure class=\"wp-block-image alignright size-full is-resized\" style=\"margin-right:-5vw;margin-left:-5vw\"><img decoding=\"async\" width=\"533\" height=\"400\" src=\"https:\/\/jstservice.fi\/wordpress\/wp-content\/uploads\/2025\/02\/galleriaan20-edited-1.jpg\" alt=\"\" class=\"wp-image-198\" style=\"width:202px\" srcset=\"https:\/\/jstservice.fi\/wordpress\/wp-content\/uploads\/2025\/02\/galleriaan20-edited-1.jpg 533w, https:\/\/jstservice.fi\/wordpress\/wp-content\/uploads\/2025\/02\/galleriaan20-edited-1-300x225.jpg 300w\" sizes=\"(max-width: 533px) 100vw, 533px\" \/><\/figure>\n<\/div>\n<\/div>\n\n\n\n<div class=\"wp-block-column is-vertically-aligned-center is-layout-flow wp-block-column-is-layout-flow\" style=\"padding-right:0;padding-left:0;flex-basis:50%\">\n<p class=\"is-style-text-subtitle is-style-text-subtitle--2\">Meid\u00e4n kauttamme autonostimien asennukset, huollot sek\u00e4 k\u00e4ytt\u00f6\u00f6notto -ja m\u00e4\u00e4r\u00e4aikaistarkastukset nopeasti ja laadukkaasti.<\/p>\n\n\n\n<p class=\"is-style-text-subtitle is-style-text-subtitle--3\"><br>Helposti kaikki autokorjaamolaitteiden asennukset ja huollot samasta yrityksest\u00e4.<br>Ammattitaidolla asennettu laite toimii turvallisesti ja kuten se on suunniteltu.<br>Tutustu palvelut valikkoomme, jossa lista kaikista muista korjaamolaitteiden asennuksista ja huolloista.<br>Huollon ajaksi my\u00f6s lainalaitteet saatavilla.<\/p>\n<\/div>\n<\/div>\n<\/div>\n\n\n\n<div class=\"wp-block-group alignfull has-global-padding is-layout-constrained wp-container-core-group-is-layout-ebee8dc1 wp-block-group-is-layout-constrained\" style=\"margin-top:0;margin-bottom:0;padding-top:var(--wp--preset--spacing--50);padding-bottom:var(--wp--preset--spacing--50)\">\n<h2 class=\"wp-block-heading alignwide\">Palvelumme<\/h2>\n\n\n\n<div class=\"wp-block-columns alignwide is-layout-flex wp-container-core-columns-is-layout-28f84493 wp-block-columns-is-layout-flex\">\n<div class=\"wp-block-column is-layout-flow wp-block-column-is-layout-flow\">\n<figure class=\"wp-block-image size-full\" style=\"margin-bottom:24px\"><img decoding=\"async\" width=\"386\" height=\"336\" src=\"https:\/\/jstservice.fi\/wordpress\/wp-content\/uploads\/2025\/01\/ruutu1.jpg\" alt=\"\" class=\"wp-image-141\" style=\"aspect-ratio:4\/3;object-fit:cover\" srcset=\"https:\/\/jstservice.fi\/wordpress\/wp-content\/uploads\/2025\/01\/ruutu1.jpg 386w, https:\/\/jstservice.fi\/wordpress\/wp-content\/uploads\/2025\/01\/ruutu1-300x261.jpg 300w\" sizes=\"(max-width: 386px) 100vw, 386px\" \/><\/figure>\n\n\n\n<h3 class=\"wp-block-heading\">AUTONOSTIMET<\/h3>\n\n\n\n<p class=\"has-medium-font-size\">Autonostimien asennukset,<br>huollot ja tarkastukset.<\/p>\n<\/div>\n\n\n\n<div class=\"wp-block-column is-layout-flow wp-block-column-is-layout-flow\">\n<figure class=\"wp-block-image size-full\" style=\"margin-bottom:24px\"><img loading=\"lazy\" decoding=\"async\" width=\"386\" height=\"336\" src=\"https:\/\/jstservice.fi\/wordpress\/wp-content\/uploads\/2025\/01\/ruutu2.jpg\" alt=\"\" class=\"wp-image-142\" style=\"aspect-ratio:4\/3;object-fit:cover\" srcset=\"https:\/\/jstservice.fi\/wordpress\/wp-content\/uploads\/2025\/01\/ruutu2.jpg 386w, https:\/\/jstservice.fi\/wordpress\/wp-content\/uploads\/2025\/01\/ruutu2-300x261.jpg 300w\" sizes=\"(max-width: 386px) 100vw, 386px\" \/><\/figure>\n\n\n\n<h3 class=\"wp-block-heading\">PY\u00d6R\u00c4NSUUNTAUSLAITTEET<\/h3>\n\n\n\n<p class=\"has-medium-font-size\">Py\u00f6r\u00e4nsuuntauslaitteiden asennukset,<br>huollot, kalibroinnit ja koulutukset.<\/p>\n<\/div>\n\n\n\n<div class=\"wp-block-column is-layout-flow wp-block-column-is-layout-flow\">\n<figure class=\"wp-block-image size-full\" style=\"margin-bottom:24px\"><img loading=\"lazy\" decoding=\"async\" width=\"386\" height=\"336\" src=\"https:\/\/jstservice.fi\/wordpress\/wp-content\/uploads\/2025\/01\/ruutu3.jpg\" alt=\"\" class=\"wp-image-143\" style=\"aspect-ratio:4\/3;object-fit:cover\" srcset=\"https:\/\/jstservice.fi\/wordpress\/wp-content\/uploads\/2025\/01\/ruutu3.jpg 386w, https:\/\/jstservice.fi\/wordpress\/wp-content\/uploads\/2025\/01\/ruutu3-300x261.jpg 300w\" sizes=\"(max-width: 386px) 100vw, 386px\" \/><\/figure>\n\n\n\n<h3 class=\"wp-block-heading\">PUTKISTOASENNUKSET<\/h3>\n\n\n\n<p class=\"has-medium-font-size\">Paineilma-, neste-, sek\u00e4<br>\u00f6ljylinjastojen asennukset.<\/p>\n<\/div>\n<\/div>\n<\/div>\n\n\n\n<aside class=\"wp-block-group alignfull is-style-section-3 has-global-padding is-layout-constrained wp-container-core-group-is-layout-f0f2a97b wp-block-group-is-layout-constrained is-style-section-3--4\" style=\"margin-top:0;margin-bottom:0;padding-top:var(--wp--preset--spacing--50);padding-right:var(--wp--preset--spacing--50);padding-bottom:var(--wp--preset--spacing--50);padding-left:var(--wp--preset--spacing--50)\">\n<div class=\"wp-block-group is-vertical is-content-justification-center is-layout-flex wp-container-core-group-is-layout-8778ca4a wp-block-group-is-layout-flex\" style=\"min-height:360px;margin-top:0;margin-bottom:0\">\n<h2 class=\"wp-block-heading has-text-align-center has-xx-large-font-size\">Kysy lis\u00e4\u00e4<\/h2>\n\n\n\n<p class=\"has-text-align-center is-style-text-subtitle is-style-text-subtitle--5\">Ota yhteytt\u00e4 jo t\u00e4n\u00e4\u00e4n ja varmistetaan yhdess\u00e4 korjaamosi laitteiden sujuva toiminta!<\/p>\n\n\n\n<div style=\"height:0px\" aria-hidden=\"true\" class=\"wp-block-spacer wp-container-content-62aae154\"><\/div>\n\n\n\n<div class=\"wp-block-buttons is-content-justification-center is-layout-flex wp-container-core-buttons-is-layout-a89b3969 wp-block-buttons-is-layout-flex\">\n<div class=\"wp-block-button\"><a class=\"wp-block-button__link has-text-align-center wp-element-button\" href=\"\/wordpress\/index.php\/contact\/\">Ota yhteytt\u00e4<\/a><\/div>\n<\/div>\n<\/div>\n<\/aside>\n","protected":false},"excerpt":{"rendered":"<p>JST Service Oy JST Service Oy\u00a0tarjoaa laadukkaita korjaamolaitepalveluita koko Suomen alueella, p\u00e4\u00e4toimialueenamme on Etel\u00e4-Suomi. Asiakaskantamme koostuu mm. kaikenkokoiset korjaamot, katsastusasemat, rengasliikkeet, ammatilliset koulut ja koulutuskeskukset, kuntien ja kaupunkien huoltoyksik\u00f6t sek\u00e4 yksityishenkil\u00f6t. Meid\u00e4n kauttamme autonostimien asennukset, huollot sek\u00e4 k\u00e4ytt\u00f6\u00f6notto -ja m\u00e4\u00e4r\u00e4aikaistarkastukset nopeasti ja laadukkaasti. Helposti kaikki autokorjaamolaitteiden asennukset ja huollot samasta yrityksest\u00e4.Ammattitaidolla asennettu laite toimii turvallisesti [&hellip;]<\/p>\n","protected":false},"author":1,"featured_media":0,"parent":0,"menu_order":0,"comment_status":"closed","ping_status":"closed","template":"","meta":{"footnotes":""},"class_list":["post-230","page","type-page","status-publish","hentry"],"_links":{"self":[{"href":"https:\/\/jstservice.fi\/wordpress\/index.php\/wp-json\/wp\/v2\/pages\/230","targetHints":{"allow":["GET"]}}],"collection":[{"href":"https:\/\/jstservice.fi\/wordpress\/index.php\/wp-json\/wp\/v2\/pages"}],"about":[{"href":"https:\/\/jstservice.fi\/wordpress\/index.php\/wp-json\/wp\/v2\/types\/page"}],"author":[{"embeddable":true,"href":"https:\/\/jstservice.fi\/wordpress\/index.php\/wp-json\/wp\/v2\/users\/1"}],"replies":[{"embeddable":true,"href":"https:\/\/jstservice.fi\/wordpress\/index.php\/wp-json\/wp\/v2\/comments?post=230"}],"version-history":[{"count":2,"href":"https:\/\/jstservice.fi\/wordpress\/index.php\/wp-json\/wp\/v2\/pages\/230\/revisions"}],"predecessor-version":[{"id":234,"href":"https:\/\/jstservice.fi\/wordpress\/index.php\/wp-json\/wp\/v2\/pages\/230\/revisions\/234"}],"wp:attachment":[{"href":"https:\/\/jstservice.fi\/wordpress\/index.php\/wp-json\/wp\/v2\/media?parent=230"}],"curies":[{"name":"wp","href":"https:\/\/api.w.org\/{rel}","templated":true}]}}